{"id":743,"date":"2022-11-21T11:58:45","date_gmt":"2022-11-21T11:58:45","guid":{"rendered":"https:\/\/casinhasdesantoantonio.pt\/?page_id=743"},"modified":"2026-01-26T14:15:28","modified_gmt":"2026-01-26T14:15:28","slug":"casinhas-de-santo-antonio","status":"publish","type":"page","link":"https:\/\/casinhasdesantoantonio.pt\/en\/","title":{"rendered":"Casinhas de Santo Ant\u00f3nio"},"content":{"rendered":"<div data-elementor-type=\"wp-post\" data-elementor-id=\"743\" class=\"elementor elementor-743\">\n\t\t\t\t\t\t<section class=\"th-parallax elementor-section elementor-top-section elementor-element elementor-element-6107c949 elementor-section-full_width elementor-section-height-min-height elementor-section-height-default elementor-section-items-middle\" data-parallax=\"scroll\" data-image-src=\"https:\/\/casinhasdesantoantonio.pt\/wp-content\/uploads\/2020\/08\/Casinhas-St-Antonio-exterior-noite.jpg\" data-id=\"6107c949\" data-element_type=\"section\" data-settings=\"{&quot;background_background&quot;:&quot;classic&quot;}\">\n\t\t\t\t\t\t\t<div class=\"elementor-background-overlay\"><\/div>\n\t\t\t\t\t\t\t<div class=\"elementor-container elementor-column-gap-default\">\n\t\t\t\t\t<div class=\"elementor-column elementor-col-100 elementor-top-column elementor-element elementor-element-123fbc50\" data-id=\"123fbc50\" data-element_type=\"column\">\n\t\t\t<div class=\"elementor-widget-wrap elementor-element-populated\">\n\t\t\t\t\t\t<div class=\"elementor-element elementor-element-ba7d216 elementor-widget elementor-widget-spacer\" data-id=\"ba7d216\" data-element_type=\"widget\" data-widget_type=\"spacer.default\">\n\t\t\t\t<div class=\"elementor-widget-container\">\n\t\t\t\t\t\t\t<div class=\"elementor-spacer\">\n\t\t\t<div class=\"elementor-spacer-inner\"><\/div>\n\t\t<\/div>\n\t\t\t\t\t\t<\/div>\n\t\t\t\t<\/div>\n\t\t\t\t\t<\/div>\n\t\t<\/div>\n\t\t\t\t\t<\/div>\n\t\t<\/section>\n\t\t\t\t<section class=\"elementor-section elementor-top-section elementor-element elementor-element-51a49f4 elementor-section-boxed elementor-section-height-default elementor-section-height-default\" data-id=\"51a49f4\" data-element_type=\"section\" data-settings=\"{&quot;background_background&quot;:&quot;classic&quot;}\">\n\t\t\t\t\t\t\t<div class=\"elementor-background-overlay\"><\/div>\n\t\t\t\t\t\t\t<div class=\"elementor-container elementor-column-gap-default\">\n\t\t\t\t\t<div class=\"elementor-column elementor-col-100 elementor-top-column elementor-element elementor-element-d2f4b02\" data-id=\"d2f4b02\" data-element_type=\"column\">\n\t\t\t<div class=\"elementor-widget-wrap elementor-element-populated\">\n\t\t\t\t\t\t<div class=\"elementor-element elementor-element-578d348d elementor-widget elementor-widget-spacer\" data-id=\"578d348d\" data-element_type=\"widget\" data-widget_type=\"spacer.default\">\n\t\t\t\t<div class=\"elementor-widget-container\">\n\t\t\t\t\t\t\t<div class=\"elementor-spacer\">\n\t\t\t<div class=\"elementor-spacer-inner\"><\/div>\n\t\t<\/div>\n\t\t\t\t\t\t<\/div>\n\t\t\t\t<\/div>\n\t\t\t\t<div class=\"elementor-element elementor-element-4221af7d elementor-view-default elementor-position-top elementor-widget elementor-widget-themo-header\" data-id=\"4221af7d\" data-element_type=\"widget\" data-widget_type=\"themo-header.default\">\n\t\t\t\t<div class=\"elementor-widget-container\">\n\t\t\t\t\t\t\t<div class=\"th-header-wrap\">\n        <div class=\"elementor-icon-box-wrapper\">\n                            <div class=\"elementor-icon-box-content\">\n                    <h2 class=\"elementor-icon-box-title\">\n                        CASINHAS DE SANTO ANT\u00d3NIO                    <\/h2>\n                                            <span class=\"th-header-divider\"><\/span>\n                                        <p class=\"elementor-icon-box-description\">The most recent project of Quinta de Santo Ant\u00f3nio is rural tourism \"Casinhas de Santo Ant\u00f3nio\". We offer those who visit us a stay on a typically calm and serene Alentejo hill, where peace and tranquility are found.<\/p>\n\n                                    <\/div>\n            <\/div>\n\n        <\/div>\n\n\t\t\t\t\t\t<\/div>\n\t\t\t\t<\/div>\n\t\t\t\t<div class=\"elementor-element elementor-element-3a3e263 elementor-widget elementor-widget-text-editor\" data-id=\"3a3e263\" data-element_type=\"widget\" data-widget_type=\"text-editor.default\">\n\t\t\t\t<div class=\"elementor-widget-container\">\n\t\t\t\t\t\t\t\t\t<p>We have available 6 houses that are composed of: 1 double bed, 2 single beds, 1 WC, equipped kitchen (appliances and utensils), TV, air conditioning and free WI-FI. Each house has at your disposal: 2 sun loungers and towels for the pool as well as local water purification equipment (from our waterhole). The maximum occupancy is 4 people per house.<\/p><p>The houses have access to the saltwater pool with children's zone and with heat pump for added convenience. They also have a communal barbecue area at guests' disposal.<\/p><p>Come and discover the silence of Alentejo and know the various paths that surround the farm, also know the small town of Seda.<\/p>\t\t\t\t\t\t\t\t<\/div>\n\t\t\t\t<\/div>\n\t\t\t\t<div class=\"elementor-element elementor-element-9616f45 elementor-widget elementor-widget-text-editor\" data-id=\"9616f45\" data-element_type=\"widget\" data-no-translation=\"\" data-widget_type=\"text-editor.default\">\n\t\t\t\t<div class=\"elementor-widget-container\">\n\t\t\t\t\t\t\t\t\t<p>We have available 6 houses that are composed of: 1 double bed, 2 single beds, 1 WC, equipped kitchen (appliances and utensils), TV, air conditioning and free WI-FI. Each house has at your disposal: 2 sun loungers and towels for the pool as well as local water purification equipment (from our waterhole). The maximum occupancy is 4 people per house.<\/p><p>The houses have access to the saltwater pool with children&#8217;s zone and with heat pump for added convenience. They also have a communal barbecue area at guests&#8217; disposal.<\/p><p>Come and discover the silence of Alentejo and know the various paths that surround the farm, also know the small town of Seda.<\/p>\t\t\t\t\t\t\t\t<\/div>\n\t\t\t\t<\/div>\n\t\t\t\t<div class=\"elementor-element elementor-element-442e16d elementor-widget elementor-widget-spacer\" data-id=\"442e16d\" data-element_type=\"widget\" data-widget_type=\"spacer.default\">\n\t\t\t\t<div class=\"elementor-widget-container\">\n\t\t\t\t\t\t\t<div class=\"elementor-spacer\">\n\t\t\t<div class=\"elementor-spacer-inner\"><\/div>\n\t\t<\/div>\n\t\t\t\t\t\t<\/div>\n\t\t\t\t<\/div>\n\t\t\t\t\t<\/div>\n\t\t<\/div>\n\t\t\t\t\t<\/div>\n\t\t<\/section>\n\t\t\t\t<section class=\"elementor-section elementor-top-section elementor-element elementor-element-7ec01cd0 elementor-section-boxed elementor-section-height-default elementor-section-height-default\" data-id=\"7ec01cd0\" data-element_type=\"section\" data-settings=\"{&quot;background_background&quot;:&quot;classic&quot;}\">\n\t\t\t\t\t\t<div class=\"elementor-container elementor-column-gap-default\">\n\t\t\t\t\t<div class=\"elementor-column elementor-col-100 elementor-top-column elementor-element elementor-element-2436f29\" data-id=\"2436f29\" data-element_type=\"column\">\n\t\t\t<div class=\"elementor-widget-wrap elementor-element-populated\">\n\t\t\t\t\t\t<div class=\"elementor-element elementor-element-5500dde elementor-widget elementor-widget-spacer\" data-id=\"5500dde\" data-element_type=\"widget\" data-widget_type=\"spacer.default\">\n\t\t\t\t<div class=\"elementor-widget-container\">\n\t\t\t\t\t\t\t<div class=\"elementor-spacer\">\n\t\t\t<div class=\"elementor-spacer-inner\"><\/div>\n\t\t<\/div>\n\t\t\t\t\t\t<\/div>\n\t\t\t\t<\/div>\n\t\t\t\t<div class=\"elementor-element elementor-element-49e2e5ce elementor-view-default elementor-position-top elementor-widget elementor-widget-themo-header\" data-id=\"49e2e5ce\" data-element_type=\"widget\" data-widget_type=\"themo-header.default\">\n\t\t\t\t<div class=\"elementor-widget-container\">\n\t\t\t\t\t\t\t<div class=\"th-header-wrap\">\n        <div class=\"elementor-icon-box-wrapper\">\n                            <div class=\"elementor-icon-box-content\">\n                    <h2 class=\"elementor-icon-box-title\">\n                        CASINHAS                    <\/h2>\n                                            <span class=\"th-header-divider\"><\/span>\n                                        <p class=\"elementor-icon-box-description\"><\/p>\n\n                                    <\/div>\n            <\/div>\n\n        <\/div>\n\n\t\t\t\t\t\t<\/div>\n\t\t\t\t<\/div>\n\t\t\t\t\t<\/div>\n\t\t<\/div>\n\t\t\t\t\t<\/div>\n\t\t<\/section>\n\t\t\t\t<section class=\"elementor-section elementor-top-section elementor-element elementor-element-314c8c1 elementor-section-boxed elementor-section-height-default elementor-section-height-default\" data-id=\"314c8c1\" data-element_type=\"section\" data-settings=\"{&quot;background_background&quot;:&quot;classic&quot;}\">\n\t\t\t\t\t\t<div class=\"elementor-container elementor-column-gap-default\">\n\t\t\t\t\t<div class=\"elementor-column elementor-col-100 elementor-top-column elementor-element elementor-element-5be8bf5\" data-id=\"5be8bf5\" data-element_type=\"column\">\n\t\t\t<div class=\"elementor-widget-wrap elementor-element-populated\">\n\t\t\t\t\t\t<div class=\"elementor-element elementor-element-e056fe1 elementor-widget elementor-widget-themo-image-gallery\" data-id=\"e056fe1\" data-element_type=\"widget\" data-widget_type=\"themo-image-gallery.default\">\n\t\t\t\t<div class=\"elementor-widget-container\">\n\t\t\t\t\t\t\t<div class=\"elementor-image-gallery\">\n\t\t\t<div class=\"gallery gallery-743-1\"><div class=\"row gallery-row\"><div class=\"col-sm-4 col-lg-4\"><a data-title=\"Casinhas de Santo Ant\u00f3nio - Exterior\"  class=\"thumbnail img-thumbnail\" href='https:\/\/casinhasdesantoantonio.pt\/wp-content\/uploads\/2020\/08\/Casinhas-St-Antonio-chamine-950x950.jpg'><img fetchpriority=\"high\" decoding=\"async\" width=\"394\" height=\"394\" src=\"https:\/\/casinhasdesantoantonio.pt\/wp-content\/uploads\/2020\/08\/Casinhas-St-Antonio-chamine-394x394.jpg\" class=\"attachment-th_img_sm_square size-th_img_sm_square\" alt=\"Casinhas de Santo Ant\u00f3nio - Exterior\" srcset=\"https:\/\/casinhasdesantoantonio.pt\/wp-content\/uploads\/2020\/08\/Casinhas-St-Antonio-chamine-394x394.jpg 394w, https:\/\/casinhasdesantoantonio.pt\/wp-content\/uploads\/2020\/08\/Casinhas-St-Antonio-chamine-300x300.jpg 300w, https:\/\/casinhasdesantoantonio.pt\/wp-content\/uploads\/2020\/08\/Casinhas-St-Antonio-chamine-1024x1024.jpg 1024w, https:\/\/casinhasdesantoantonio.pt\/wp-content\/uploads\/2020\/08\/Casinhas-St-Antonio-chamine-150x150.jpg 150w, https:\/\/casinhasdesantoantonio.pt\/wp-content\/uploads\/2020\/08\/Casinhas-St-Antonio-chamine-768x768.jpg 768w, https:\/\/casinhasdesantoantonio.pt\/wp-content\/uploads\/2020\/08\/Casinhas-St-Antonio-chamine-200x200.jpg 200w, https:\/\/casinhasdesantoantonio.pt\/wp-content\/uploads\/2020\/08\/Casinhas-St-Antonio-chamine-80x80.jpg 80w, https:\/\/casinhasdesantoantonio.pt\/wp-content\/uploads\/2020\/08\/Casinhas-St-Antonio-chamine-303x303.jpg 303w, https:\/\/casinhasdesantoantonio.pt\/wp-content\/uploads\/2020\/08\/Casinhas-St-Antonio-chamine-605x605.jpg 605w, https:\/\/casinhasdesantoantonio.pt\/wp-content\/uploads\/2020\/08\/Casinhas-St-Antonio-chamine-700x700.jpg 700w, https:\/\/casinhasdesantoantonio.pt\/wp-content\/uploads\/2020\/08\/Casinhas-St-Antonio-chamine-950x950.jpg 950w, https:\/\/casinhasdesantoantonio.pt\/wp-content\/uploads\/2020\/08\/Casinhas-St-Antonio-chamine-1080x1080.jpg 1080w, https:\/\/casinhasdesantoantonio.pt\/wp-content\/uploads\/2020\/08\/Casinhas-St-Antonio-chamine-950x950.jpg 1101w\" sizes=\"(max-width: 394px) 100vw, 394px\" \/><\/a><div class=\"gallery-text\"><div class=\"image-title\">Casinhas de Santo Ant\u00f3nio &#8211; Exterior<\/div><\/div><\/div><div class=\"col-sm-4 col-lg-4\"><a data-title=\"piscina alentejo quinta st antonio\"  class=\"thumbnail img-thumbnail\" href='https:\/\/casinhasdesantoantonio.pt\/wp-content\/uploads\/2021\/07\/quinta-St-Antonio-piscina1alt-950x950.jpg'><img decoding=\"async\" width=\"394\" height=\"394\" src=\"https:\/\/casinhasdesantoantonio.pt\/wp-content\/uploads\/2021\/07\/quinta-St-Antonio-piscina1alt-394x394.jpg\" class=\"attachment-th_img_sm_square size-th_img_sm_square\" alt=\"piscina alentejo quinta st antonio\" srcset=\"https:\/\/casinhasdesantoantonio.pt\/wp-content\/uploads\/2021\/07\/quinta-St-Antonio-piscina1alt-394x394.jpg 394w, https:\/\/casinhasdesantoantonio.pt\/wp-content\/uploads\/2021\/07\/quinta-St-Antonio-piscina1alt-300x300.jpg 300w, https:\/\/casinhasdesantoantonio.pt\/wp-content\/uploads\/2021\/07\/quinta-St-Antonio-piscina1alt-1024x1024.jpg 1024w, https:\/\/casinhasdesantoantonio.pt\/wp-content\/uploads\/2021\/07\/quinta-St-Antonio-piscina1alt-150x150.jpg 150w, https:\/\/casinhasdesantoantonio.pt\/wp-content\/uploads\/2021\/07\/quinta-St-Antonio-piscina1alt-768x768.jpg 768w, https:\/\/casinhasdesantoantonio.pt\/wp-content\/uploads\/2021\/07\/quinta-St-Antonio-piscina1alt-12x12.jpg 12w, https:\/\/casinhasdesantoantonio.pt\/wp-content\/uploads\/2021\/07\/quinta-St-Antonio-piscina1alt-100x100.jpg 100w, https:\/\/casinhasdesantoantonio.pt\/wp-content\/uploads\/2021\/07\/quinta-St-Antonio-piscina1alt-80x80.jpg 80w, https:\/\/casinhasdesantoantonio.pt\/wp-content\/uploads\/2021\/07\/quinta-St-Antonio-piscina1alt-303x303.jpg 303w, https:\/\/casinhasdesantoantonio.pt\/wp-content\/uploads\/2021\/07\/quinta-St-Antonio-piscina1alt-605x605.jpg 605w, https:\/\/casinhasdesantoantonio.pt\/wp-content\/uploads\/2021\/07\/quinta-St-Antonio-piscina1alt-700x700.jpg 700w, https:\/\/casinhasdesantoantonio.pt\/wp-content\/uploads\/2021\/07\/quinta-St-Antonio-piscina1alt-950x950.jpg 950w, https:\/\/casinhasdesantoantonio.pt\/wp-content\/uploads\/2021\/07\/quinta-St-Antonio-piscina1alt-1080x1080.jpg 1080w, https:\/\/casinhasdesantoantonio.pt\/wp-content\/uploads\/2021\/07\/quinta-St-Antonio-piscina1alt-950x950.jpg 1100w\" sizes=\"(max-width: 394px) 100vw, 394px\" \/><\/a><div class=\"gallery-text\"><div class=\"image-title\">quinta-St-Antonio-piscina1alt<\/div><\/div><\/div><div class=\"col-sm-4 col-lg-4\"><a data-title=\"Casinhas de Santo Ant\u00f3nio\"  class=\"thumbnail img-thumbnail\" href='https:\/\/casinhasdesantoantonio.pt\/wp-content\/uploads\/2020\/08\/Casinhas-St-Antonio-vistanoite-950x950.jpg'><img decoding=\"async\" width=\"394\" height=\"394\" src=\"https:\/\/casinhasdesantoantonio.pt\/wp-content\/uploads\/2020\/08\/Casinhas-St-Antonio-vistanoite-394x394.jpg\" class=\"attachment-th_img_sm_square size-th_img_sm_square\" alt=\"Casinhas de Santo Ant\u00f3nio\" srcset=\"https:\/\/casinhasdesantoantonio.pt\/wp-content\/uploads\/2020\/08\/Casinhas-St-Antonio-vistanoite-394x394.jpg 394w, https:\/\/casinhasdesantoantonio.pt\/wp-content\/uploads\/2020\/08\/Casinhas-St-Antonio-vistanoite-300x300.jpg 300w, https:\/\/casinhasdesantoantonio.pt\/wp-content\/uploads\/2020\/08\/Casinhas-St-Antonio-vistanoite-1024x1024.jpg 1024w, https:\/\/casinhasdesantoantonio.pt\/wp-content\/uploads\/2020\/08\/Casinhas-St-Antonio-vistanoite-150x150.jpg 150w, https:\/\/casinhasdesantoantonio.pt\/wp-content\/uploads\/2020\/08\/Casinhas-St-Antonio-vistanoite-768x768.jpg 768w, https:\/\/casinhasdesantoantonio.pt\/wp-content\/uploads\/2020\/08\/Casinhas-St-Antonio-vistanoite-200x200.jpg 200w, https:\/\/casinhasdesantoantonio.pt\/wp-content\/uploads\/2020\/08\/Casinhas-St-Antonio-vistanoite-80x80.jpg 80w, https:\/\/casinhasdesantoantonio.pt\/wp-content\/uploads\/2020\/08\/Casinhas-St-Antonio-vistanoite-303x303.jpg 303w, https:\/\/casinhasdesantoantonio.pt\/wp-content\/uploads\/2020\/08\/Casinhas-St-Antonio-vistanoite-605x605.jpg 605w, https:\/\/casinhasdesantoantonio.pt\/wp-content\/uploads\/2020\/08\/Casinhas-St-Antonio-vistanoite-700x700.jpg 700w, https:\/\/casinhasdesantoantonio.pt\/wp-content\/uploads\/2020\/08\/Casinhas-St-Antonio-vistanoite-950x950.jpg 950w, https:\/\/casinhasdesantoantonio.pt\/wp-content\/uploads\/2020\/08\/Casinhas-St-Antonio-vistanoite-1080x1080.jpg 1080w, https:\/\/casinhasdesantoantonio.pt\/wp-content\/uploads\/2020\/08\/Casinhas-St-Antonio-vistanoite-950x950.jpg 1100w\" sizes=\"(max-width: 394px) 100vw, 394px\" \/><\/a><div class=\"gallery-text\"><div class=\"image-title\">Casinhas de Santo Ant\u00f3nio<\/div><\/div><\/div><\/div><div class=\"row gallery-row\"><div class=\"col-sm-4 col-lg-4\"><a data-title=\"Casinhas de Santo Ant\u00f3nio - interior\"  class=\"thumbnail img-thumbnail\" href='https:\/\/casinhasdesantoantonio.pt\/wp-content\/uploads\/2020\/08\/Casinhas-St-Antonio-sala-estar-950x950.jpg'><img loading=\"lazy\" decoding=\"async\" width=\"394\" height=\"394\" src=\"https:\/\/casinhasdesantoantonio.pt\/wp-content\/uploads\/2020\/08\/Casinhas-St-Antonio-sala-estar-394x394.jpg\" class=\"attachment-th_img_sm_square size-th_img_sm_square\" alt=\"Casinhas de Santo Ant\u00f3nio - interior\" srcset=\"https:\/\/casinhasdesantoantonio.pt\/wp-content\/uploads\/2020\/08\/Casinhas-St-Antonio-sala-estar-394x394.jpg 394w, https:\/\/casinhasdesantoantonio.pt\/wp-content\/uploads\/2020\/08\/Casinhas-St-Antonio-sala-estar-300x300.jpg 300w, https:\/\/casinhasdesantoantonio.pt\/wp-content\/uploads\/2020\/08\/Casinhas-St-Antonio-sala-estar-1024x1024.jpg 1024w, https:\/\/casinhasdesantoantonio.pt\/wp-content\/uploads\/2020\/08\/Casinhas-St-Antonio-sala-estar-150x150.jpg 150w, https:\/\/casinhasdesantoantonio.pt\/wp-content\/uploads\/2020\/08\/Casinhas-St-Antonio-sala-estar-768x768.jpg 768w, https:\/\/casinhasdesantoantonio.pt\/wp-content\/uploads\/2020\/08\/Casinhas-St-Antonio-sala-estar-200x200.jpg 200w, https:\/\/casinhasdesantoantonio.pt\/wp-content\/uploads\/2020\/08\/Casinhas-St-Antonio-sala-estar-80x80.jpg 80w, https:\/\/casinhasdesantoantonio.pt\/wp-content\/uploads\/2020\/08\/Casinhas-St-Antonio-sala-estar-303x303.jpg 303w, https:\/\/casinhasdesantoantonio.pt\/wp-content\/uploads\/2020\/08\/Casinhas-St-Antonio-sala-estar-605x605.jpg 605w, https:\/\/casinhasdesantoantonio.pt\/wp-content\/uploads\/2020\/08\/Casinhas-St-Antonio-sala-estar-700x700.jpg 700w, https:\/\/casinhasdesantoantonio.pt\/wp-content\/uploads\/2020\/08\/Casinhas-St-Antonio-sala-estar-950x950.jpg 950w, https:\/\/casinhasdesantoantonio.pt\/wp-content\/uploads\/2020\/08\/Casinhas-St-Antonio-sala-estar-1080x1080.jpg 1080w, https:\/\/casinhasdesantoantonio.pt\/wp-content\/uploads\/2020\/08\/Casinhas-St-Antonio-sala-estar-950x950.jpg 1100w\" sizes=\"(max-width: 394px) 100vw, 394px\" \/><\/a><div class=\"gallery-text\"><div class=\"image-title\">Casinhas de Santo Ant\u00f3nio &#8211; Interior<\/div><\/div><\/div><div class=\"col-sm-4 col-lg-4\"><a data-title=\"Casinhas de Santo Ant\u00f3nio - Quarto\"  class=\"thumbnail img-thumbnail\" href='https:\/\/casinhasdesantoantonio.pt\/wp-content\/uploads\/2020\/08\/Casinhas-St-Antonio-quarto-casal-950x950.jpg'><img loading=\"lazy\" decoding=\"async\" width=\"394\" height=\"394\" src=\"https:\/\/casinhasdesantoantonio.pt\/wp-content\/uploads\/2020\/08\/Casinhas-St-Antonio-quarto-casal-394x394.jpg\" class=\"attachment-th_img_sm_square size-th_img_sm_square\" alt=\"Casinhas de Santo Ant\u00f3nio - Quarto\" srcset=\"https:\/\/casinhasdesantoantonio.pt\/wp-content\/uploads\/2020\/08\/Casinhas-St-Antonio-quarto-casal-394x394.jpg 394w, https:\/\/casinhasdesantoantonio.pt\/wp-content\/uploads\/2020\/08\/Casinhas-St-Antonio-quarto-casal-300x300.jpg 300w, https:\/\/casinhasdesantoantonio.pt\/wp-content\/uploads\/2020\/08\/Casinhas-St-Antonio-quarto-casal-1024x1024.jpg 1024w, https:\/\/casinhasdesantoantonio.pt\/wp-content\/uploads\/2020\/08\/Casinhas-St-Antonio-quarto-casal-150x150.jpg 150w, https:\/\/casinhasdesantoantonio.pt\/wp-content\/uploads\/2020\/08\/Casinhas-St-Antonio-quarto-casal-768x768.jpg 768w, https:\/\/casinhasdesantoantonio.pt\/wp-content\/uploads\/2020\/08\/Casinhas-St-Antonio-quarto-casal-200x200.jpg 200w, https:\/\/casinhasdesantoantonio.pt\/wp-content\/uploads\/2020\/08\/Casinhas-St-Antonio-quarto-casal-80x80.jpg 80w, https:\/\/casinhasdesantoantonio.pt\/wp-content\/uploads\/2020\/08\/Casinhas-St-Antonio-quarto-casal-303x303.jpg 303w, https:\/\/casinhasdesantoantonio.pt\/wp-content\/uploads\/2020\/08\/Casinhas-St-Antonio-quarto-casal-605x605.jpg 605w, https:\/\/casinhasdesantoantonio.pt\/wp-content\/uploads\/2020\/08\/Casinhas-St-Antonio-quarto-casal-700x700.jpg 700w, https:\/\/casinhasdesantoantonio.pt\/wp-content\/uploads\/2020\/08\/Casinhas-St-Antonio-quarto-casal-950x950.jpg 950w, https:\/\/casinhasdesantoantonio.pt\/wp-content\/uploads\/2020\/08\/Casinhas-St-Antonio-quarto-casal-1080x1080.jpg 1080w, https:\/\/casinhasdesantoantonio.pt\/wp-content\/uploads\/2020\/08\/Casinhas-St-Antonio-quarto-casal-950x950.jpg 1100w\" sizes=\"(max-width: 394px) 100vw, 394px\" \/><\/a><div class=\"gallery-text\"><div class=\"image-title\">Casinhas de Santo Ant\u00f3nio &#8211; Quarto<\/div><\/div><\/div><div class=\"col-sm-4 col-lg-4\"><a data-title=\"Casinhas de Santo Ant\u00f3nio - Exteirior\"  class=\"thumbnail img-thumbnail\" href='https:\/\/casinhasdesantoantonio.pt\/wp-content\/uploads\/2020\/08\/Casinhas-St-Antonio-vista-950x950.jpg'><img loading=\"lazy\" decoding=\"async\" width=\"394\" height=\"394\" src=\"https:\/\/casinhasdesantoantonio.pt\/wp-content\/uploads\/2020\/08\/Casinhas-St-Antonio-vista-394x394.jpg\" class=\"attachment-th_img_sm_square size-th_img_sm_square\" alt=\"Casinhas de Santo Ant\u00f3nio - Exteirior\" srcset=\"https:\/\/casinhasdesantoantonio.pt\/wp-content\/uploads\/2020\/08\/Casinhas-St-Antonio-vista-394x394.jpg 394w, https:\/\/casinhasdesantoantonio.pt\/wp-content\/uploads\/2020\/08\/Casinhas-St-Antonio-vista-300x300.jpg 300w, https:\/\/casinhasdesantoantonio.pt\/wp-content\/uploads\/2020\/08\/Casinhas-St-Antonio-vista-1024x1024.jpg 1024w, https:\/\/casinhasdesantoantonio.pt\/wp-content\/uploads\/2020\/08\/Casinhas-St-Antonio-vista-150x150.jpg 150w, https:\/\/casinhasdesantoantonio.pt\/wp-content\/uploads\/2020\/08\/Casinhas-St-Antonio-vista-768x768.jpg 768w, https:\/\/casinhasdesantoantonio.pt\/wp-content\/uploads\/2020\/08\/Casinhas-St-Antonio-vista-200x200.jpg 200w, https:\/\/casinhasdesantoantonio.pt\/wp-content\/uploads\/2020\/08\/Casinhas-St-Antonio-vista-80x80.jpg 80w, https:\/\/casinhasdesantoantonio.pt\/wp-content\/uploads\/2020\/08\/Casinhas-St-Antonio-vista-303x303.jpg 303w, https:\/\/casinhasdesantoantonio.pt\/wp-content\/uploads\/2020\/08\/Casinhas-St-Antonio-vista-605x605.jpg 605w, https:\/\/casinhasdesantoantonio.pt\/wp-content\/uploads\/2020\/08\/Casinhas-St-Antonio-vista-700x700.jpg 700w, https:\/\/casinhasdesantoantonio.pt\/wp-content\/uploads\/2020\/08\/Casinhas-St-Antonio-vista-950x950.jpg 950w, https:\/\/casinhasdesantoantonio.pt\/wp-content\/uploads\/2020\/08\/Casinhas-St-Antonio-vista-1080x1080.jpg 1080w, https:\/\/casinhasdesantoantonio.pt\/wp-content\/uploads\/2020\/08\/Casinhas-St-Antonio-vista-950x950.jpg 1100w\" sizes=\"(max-width: 394px) 100vw, 394px\" \/><\/a><div class=\"gallery-text\"><div class=\"image-title\">Casinhas de Santo Ant\u00f3nio &#8211; Exterior<\/div><\/div><\/div><\/div><\/div>\t\t<\/div>\n\t\t\t\t\t\t<\/div>\n\t\t\t\t<\/div>\n\t\t\t\t\t<\/div>\n\t\t<\/div>\n\t\t\t\t\t<\/div>\n\t\t<\/section>\n\t\t\t\t<section class=\"elementor-section elementor-top-section elementor-element elementor-element-6018e3e elementor-section-boxed elementor-section-height-default elementor-section-height-default\" data-id=\"6018e3e\" data-element_type=\"section\">\n\t\t\t\t\t\t<div class=\"elementor-container elementor-column-gap-default\">\n\t\t\t\t\t<div class=\"elementor-column elementor-col-100 elementor-top-column elementor-element elementor-element-d7e31f8\" data-id=\"d7e31f8\" data-element_type=\"column\">\n\t\t\t<div class=\"elementor-widget-wrap elementor-element-populated\">\n\t\t\t\t\t\t<div class=\"elementor-element elementor-element-f89b82b elementor-widget__width-initial elementor-widget elementor-widget-image\" data-id=\"f89b82b\" data-element_type=\"widget\" data-widget_type=\"image.default\">\n\t\t\t\t<div class=\"elementor-widget-container\">\n\t\t\t\t\t\t\t\t\t\t\t\t\t\t\t<img loading=\"lazy\" decoding=\"async\" width=\"768\" height=\"56\" src=\"https:\/\/casinhasdesantoantonio.pt\/wp-content\/uploads\/2025\/03\/PDR_LEADER_PT2020_FEADER-768x56.png\" class=\"attachment-medium_large size-medium_large wp-image-800\" alt=\"\" srcset=\"https:\/\/casinhasdesantoantonio.pt\/wp-content\/uploads\/2025\/03\/PDR_LEADER_PT2020_FEADER-768x56.png 768w, https:\/\/casinhasdesantoantonio.pt\/wp-content\/uploads\/2025\/03\/PDR_LEADER_PT2020_FEADER-300x22.png 300w, https:\/\/casinhasdesantoantonio.pt\/wp-content\/uploads\/2025\/03\/PDR_LEADER_PT2020_FEADER-1024x75.png 1024w, https:\/\/casinhasdesantoantonio.pt\/wp-content\/uploads\/2025\/03\/PDR_LEADER_PT2020_FEADER-1536x112.png 1536w, https:\/\/casinhasdesantoantonio.pt\/wp-content\/uploads\/2025\/03\/PDR_LEADER_PT2020_FEADER-2048x150.png 2048w, https:\/\/casinhasdesantoantonio.pt\/wp-content\/uploads\/2025\/03\/PDR_LEADER_PT2020_FEADER-18x1.png 18w, https:\/\/casinhasdesantoantonio.pt\/wp-content\/uploads\/2025\/03\/PDR_LEADER_PT2020_FEADER-1095x80.png 1095w, https:\/\/casinhasdesantoantonio.pt\/wp-content\/uploads\/2025\/03\/PDR_LEADER_PT2020_FEADER-394x29.png 394w, https:\/\/casinhasdesantoantonio.pt\/wp-content\/uploads\/2025\/03\/PDR_LEADER_PT2020_FEADER-915x67.png 915w, https:\/\/casinhasdesantoantonio.pt\/wp-content\/uploads\/2025\/03\/PDR_LEADER_PT2020_FEADER-1240x91.png 1240w, https:\/\/casinhasdesantoantonio.pt\/wp-content\/uploads\/2025\/03\/PDR_LEADER_PT2020_FEADER-1920x140.png 1920w, https:\/\/casinhasdesantoantonio.pt\/wp-content\/uploads\/2025\/03\/PDR_LEADER_PT2020_FEADER-1369x100.png 1369w\" sizes=\"(max-width: 768px) 100vw, 768px\" \/>\t\t\t\t\t\t\t\t\t\t\t\t\t\t\t<\/div>\n\t\t\t\t<\/div>\n\t\t\t\t\t<\/div>\n\t\t<\/div>\n\t\t\t\t\t<\/div>\n\t\t<\/section>\n\t\t\t\t<\/div>","protected":false},"excerpt":{"rendered":"<p>CASINHAS DE SANTO ANT\u00d3NIO O projecto mais recente da Quinta de Santo Ant\u00f3nio \u00e9 o turismo rural \u201cCasinhas de Santo Ant\u00f3nio\u201d. Oferecemos a quem nos visita uma estadia num monte tipicamente alentejano calmo e sereno, onde se encontra paz e &hellip; <a href=\"https:\/\/casinhasdesantoantonio.pt\/en\/\">Read More<\/a><\/p>","protected":false},"author":1,"featured_media":245,"parent":0,"menu_order":2,"comment_status":"closed","ping_status":"closed","template":"","meta":{"footnotes":""},"class_list":["post-743","page","type-page","status-publish","has-post-thumbnail","hentry"],"_links":{"self":[{"href":"https:\/\/casinhasdesantoantonio.pt\/en\/wp-json\/wp\/v2\/pages\/743","targetHints":{"allow":["GET"]}}],"collection":[{"href":"https:\/\/casinhasdesantoantonio.pt\/en\/wp-json\/wp\/v2\/pages"}],"about":[{"href":"https:\/\/casinhasdesantoantonio.pt\/en\/wp-json\/wp\/v2\/types\/page"}],"author":[{"embeddable":true,"href":"https:\/\/casinhasdesantoantonio.pt\/en\/wp-json\/wp\/v2\/users\/1"}],"replies":[{"embeddable":true,"href":"https:\/\/casinhasdesantoantonio.pt\/en\/wp-json\/wp\/v2\/comments?post=743"}],"version-history":[{"count":42,"href":"https:\/\/casinhasdesantoantonio.pt\/en\/wp-json\/wp\/v2\/pages\/743\/revisions"}],"predecessor-version":[{"id":825,"href":"https:\/\/casinhasdesantoantonio.pt\/en\/wp-json\/wp\/v2\/pages\/743\/revisions\/825"}],"wp:featuredmedia":[{"embeddable":true,"href":"https:\/\/casinhasdesantoantonio.pt\/en\/wp-json\/wp\/v2\/media\/245"}],"wp:attachment":[{"href":"https:\/\/casinhasdesantoantonio.pt\/en\/wp-json\/wp\/v2\/media?parent=743"}],"curies":[{"name":"wp","href":"https:\/\/api.w.org\/{rel}","templated":true}]}}